{"id":180,"date":"2020-09-29T19:58:39","date_gmt":"2020-09-29T17:58:39","guid":{"rendered":"http:\/\/www4.abzolutreklam.se\/?page_id=180"},"modified":"2022-06-03T15:48:15","modified_gmt":"2022-06-03T13:48:15","slug":"180-2","status":"publish","type":"page","link":"https:\/\/www.abzolutreklam.se\/?page_id=180","title":{"rendered":"Erbjudande"},"content":{"rendered":"<p>[et_pb_section fb_built=&#8221;1&#8243; _builder_version=&#8221;4.6.5&#8243; _module_preset=&#8221;default&#8221; background_color=&#8221;#000000&#8243; global_colors_info=&#8221;{}&#8221;][et_pb_row _builder_version=&#8221;4.6.5&#8243; _module_preset=&#8221;default&#8221; global_colors_info=&#8221;{}&#8221;][et_pb_column type=&#8221;4_4&#8243; _builder_version=&#8221;4.6.5&#8243; _module_preset=&#8221;default&#8221; global_colors_info=&#8221;{}&#8221;][et_pb_text _builder_version=&#8221;4.6.5&#8243; _module_preset=&#8221;default&#8221; background_layout=&#8221;dark&#8221; custom_padding=&#8221;||0px|||&#8221; global_colors_info=&#8221;{}&#8221;]<\/p>\n<h1 style=\"text-align: center;\"><strong>Nyhet!<\/strong><\/h1>\n<p>[\/et_pb_text][\/et_pb_column][\/et_pb_row][et_pb_row _builder_version=&#8221;4.6.5&#8243; _module_preset=&#8221;default&#8221; global_colors_info=&#8221;{}&#8221;][et_pb_column type=&#8221;4_4&#8243; _builder_version=&#8221;4.6.5&#8243; _module_preset=&#8221;default&#8221; global_colors_info=&#8221;{}&#8221;][et_pb_text _builder_version=&#8221;4.6.5&#8243; _module_preset=&#8221;default&#8221; background_layout=&#8221;dark&#8221; global_colors_info=&#8221;{}&#8221;]<\/p>\n<h2 style=\"text-align: center;\">F\u00e5 din egen text p\u00e5 v\u00e5ra T-shirts!<\/h2>\n<p style=\"text-align: center;\">Prisexempel: 10 stycken vita T-shirts inklusive ditt eget texttryck p\u00e5 br\u00f6stet, <br \/>inklusive s\u00e4ttning och tryckschablon. Moms ing\u00e5r. Minumum 3 plagg.<\/p>\n<p style=\"text-align: center;\"><strong>OBS! 199:- styck.<\/strong><br \/>Inga andra avgifter tillkommer.<br \/>Vid andra \u00f6nskem\u00e5l beg\u00e4r offert.<\/p>\n<p>[\/et_pb_text][\/et_pb_column][\/et_pb_row][et_pb_row _builder_version=&#8221;4.6.5&#8243; _module_preset=&#8221;default&#8221; global_colors_info=&#8221;{}&#8221;][et_pb_column type=&#8221;4_4&#8243; _builder_version=&#8221;4.6.5&#8243; _module_preset=&#8221;default&#8221; global_colors_info=&#8221;{}&#8221;][et_pb_text _builder_version=&#8221;4.6.5&#8243; _module_preset=&#8221;default&#8221; background_layout=&#8221;dark&#8221; global_colors_info=&#8221;{}&#8221;]<\/p>\n<h2 style=\"text-align: center;\">Tryckexempel:<\/h2>\n<div class=\"ptext\">\n<p style=\"text-align: center;\"><span>E du go eller<br \/> Kung i baren<br \/> Go gubbe<br \/> V\u00e4rldsb\u00e4st<br \/> B\u00e4st i allt<br \/> K\u00e4ring<br \/> <\/span>\u263a<br \/> <span>Alltid p\u00e5 G<br \/> Helt slut<br \/> Ledig<\/span><\/p>\n<p style=\"text-align: center;\">&#8230;eller v\u00e4lj sj\u00e4lv din egen text&#8230;<\/p>\n<\/div>\n<p>[\/et_pb_text][\/et_pb_column][\/et_pb_row][\/et_pb_section]<\/p>\n","protected":false},"excerpt":{"rendered":"<p>Nyhet!F\u00e5 din egen text p\u00e5 v\u00e5ra T-shirts! Prisexempel: 10 stycken vita T-shirts inklusive ditt eget texttryck p\u00e5 br\u00f6stet, inklusive s\u00e4ttning och tryckschablon. Moms ing\u00e5r. Minumum 3 plagg. OBS! 199:- styck.Inga andra avgifter tillkommer.Vid andra \u00f6nskem\u00e5l beg\u00e4r offert.Tryckexempel: E du go eller Kung i baren Go gubbe V\u00e4rldsb\u00e4st B\u00e4st i allt K\u00e4ring \u263a Alltid p\u00e5 G [&hellip;]<\/p>\n","protected":false},"author":1,"featured_media":0,"parent":0,"menu_order":0,"comment_status":"closed","ping_status":"closed","template":"","meta":{"_et_pb_use_builder":"on","_et_pb_old_content":"","_et_gb_content_width":"","_monsterinsights_skip_tracking":false,"_monsterinsights_sitenote_active":false,"_monsterinsights_sitenote_note":"","_monsterinsights_sitenote_category":0},"_links":{"self":[{"href":"https:\/\/www.abzolutreklam.se\/index.php?rest_route=\/wp\/v2\/pages\/180"}],"collection":[{"href":"https:\/\/www.abzolutreklam.se\/index.php?rest_route=\/wp\/v2\/pages"}],"about":[{"href":"https:\/\/www.abzolutreklam.se\/index.php?rest_route=\/wp\/v2\/types\/page"}],"author":[{"embeddable":true,"href":"https:\/\/www.abzolutreklam.se\/index.php?rest_route=\/wp\/v2\/users\/1"}],"replies":[{"embeddable":true,"href":"https:\/\/www.abzolutreklam.se\/index.php?rest_route=%2Fwp%2Fv2%2Fcomments&post=180"}],"version-history":[{"count":5,"href":"https:\/\/www.abzolutreklam.se\/index.php?rest_route=\/wp\/v2\/pages\/180\/revisions"}],"predecessor-version":[{"id":239,"href":"https:\/\/www.abzolutreklam.se\/index.php?rest_route=\/wp\/v2\/pages\/180\/revisions\/239"}],"wp:attachment":[{"href":"https:\/\/www.abzolutreklam.se\/index.php?rest_route=%2Fwp%2Fv2%2Fmedia&parent=180"}],"curies":[{"name":"wp","href":"https:\/\/api.w.org\/{rel}","templated":true}]}}