{"id":20,"date":"2020-09-24T23:39:15","date_gmt":"2020-09-24T21:39:15","guid":{"rendered":"http:\/\/www4.abzolutreklam.se\/?page_id=20"},"modified":"2024-10-30T21:43:51","modified_gmt":"2024-10-30T20:43:51","slug":"startsida","status":"publish","type":"page","link":"https:\/\/www.abzolutreklam.se\/","title":{"rendered":"Startsida"},"content":{"rendered":"<p>[et_pb_section fb_built=&#8221;1&#8243; fullwidth=&#8221;on&#8221; disabled_on=&#8221;on|off|off&#8221; _builder_version=&#8221;4.16&#8243; _module_preset=&#8221;default&#8221; background_color=&#8221;#000000&#8243; global_colors_info=&#8221;{}&#8221;][et_pb_fullwidth_slider _builder_version=&#8221;4.16&#8243; _module_preset=&#8221;default&#8221; background_color=&#8221;rgba(0,0,0,0)&#8221; background_image=&#8221;http:\/\/www.abzolutreklam.se\/wp-content\/uploads\/2020\/09\/monkeybiz-1.jpg&#8221; custom_padding=&#8221;260px||250px|||&#8221; animation_style=&#8221;slide&#8221; auto=&#8221;on&#8221; auto_ignore_hover=&#8221;on&#8221; global_colors_info=&#8221;{}&#8221;][et_pb_slide _builder_version=&#8221;4.16&#8243; _module_preset=&#8221;default&#8221; background_color=&#8221;rgba(0,0,0,0)&#8221; background_enable_color=&#8221;on&#8221; background_image=&#8221;http:\/\/www.abzolutreklam.se\/wp-content\/uploads\/2020\/09\/monkeybiz-1.jpg&#8221; background_enable_image=&#8221;on&#8221; width=&#8221;100%&#8221; global_colors_info=&#8221;{}&#8221; sticky_transition=&#8221;on&#8221;][\/et_pb_slide][et_pb_slide _builder_version=&#8221;4.16&#8243; _module_preset=&#8221;default&#8221; background_color=&#8221;rgba(0,0,0,0)&#8221; background_enable_color=&#8221;on&#8221; background_image=&#8221;http:\/\/www.abzolutreklam.se\/wp-content\/uploads\/2020\/09\/T-shirts.jpg&#8221; background_enable_image=&#8221;on&#8221; global_colors_info=&#8221;{}&#8221; sticky_transition=&#8221;on&#8221;][\/et_pb_slide][et_pb_slide _builder_version=&#8221;4.16&#8243; _module_preset=&#8221;default&#8221; background_color=&#8221;rgba(0,0,0,0)&#8221; background_enable_color=&#8221;on&#8221; background_image=&#8221;http:\/\/www.abzolutreklam.se\/wp-content\/uploads\/2020\/09\/Trojor.jpg&#8221; background_enable_image=&#8221;on&#8221; global_colors_info=&#8221;{}&#8221; sticky_transition=&#8221;on&#8221;][\/et_pb_slide][et_pb_slide _builder_version=&#8221;4.16&#8243; _module_preset=&#8221;default&#8221; background_color=&#8221;rgba(0,0,0,0)&#8221; background_enable_color=&#8221;on&#8221; background_image=&#8221;http:\/\/www.abzolutreklam.se\/wp-content\/uploads\/2020\/09\/Polo-layout.jpg&#8221; background_enable_image=&#8221;on&#8221; global_colors_info=&#8221;{}&#8221; sticky_transition=&#8221;on&#8221;][\/et_pb_slide][et_pb_slide _builder_version=&#8221;4.16&#8243; _module_preset=&#8221;default&#8221; background_color=&#8221;rgba(0,0,0,0)&#8221; background_enable_color=&#8221;on&#8221; background_image=&#8221;http:\/\/www.abzolutreklam.se\/wp-content\/uploads\/2020\/09\/I-Love-Vasterhed-1.jpg&#8221; background_enable_image=&#8221;on&#8221; global_colors_info=&#8221;{}&#8221; sticky_transition=&#8221;on&#8221;][\/et_pb_slide][et_pb_slide _builder_version=&#8221;4.16&#8243; _module_preset=&#8221;default&#8221; background_image=&#8221;http:\/\/www.abzolutreklam.se\/wp-content\/uploads\/2020\/09\/2000-rolls.jpg&#8221; background_enable_image=&#8221;on&#8221; global_colors_info=&#8221;{}&#8221; sticky_transition=&#8221;on&#8221;][\/et_pb_slide][\/et_pb_fullwidth_slider][\/et_pb_section][et_pb_section fb_built=&#8221;1&#8243; _builder_version=&#8221;4.16&#8243; _module_preset=&#8221;default&#8221; background_color=&#8221;#000000&#8243; custom_margin=&#8221;||-59px|||&#8221; global_colors_info=&#8221;{}&#8221;][et_pb_row column_structure=&#8221;1_3,1_3,1_3&#8243; _builder_version=&#8221;4.16&#8243; _module_preset=&#8221;default&#8221; custom_margin=&#8221;|auto|-41px|auto||&#8221; global_colors_info=&#8221;{}&#8221;][et_pb_column type=&#8221;1_3&#8243; _builder_version=&#8221;4.16&#8243; _module_preset=&#8221;default&#8221; global_colors_info=&#8221;{}&#8221;][et_pb_text _builder_version=&#8221;4.16&#8243; _module_preset=&#8221;default&#8221; text_text_color=&#8221;#ffffff&#8221; background_color=&#8221;#000000&#8243; global_colors_info=&#8221;{}&#8221;]<\/p>\n<h1><span style=\"color: #ffffff;\"><strong>V\u00e4lkommen!<\/strong><\/span><\/h1>\n<p>[\/et_pb_text][et_pb_text _builder_version=&#8221;4.16&#8243; _module_preset=&#8221;default&#8221; custom_padding=&#8221;||0px|||&#8221; global_colors_info=&#8221;{}&#8221;]<\/p>\n<p><span style=\"color: #ffffff;\"><strong>Vi \u00e4r ett v\u00e4letablerat och\u00a0ansvarsfullt textiltryckeri\u00a0som funnits\u00a0i samma\u00a0regi<br \/>i \u00f6ver fyrtio \u00e5r.<\/strong><\/span><\/p>\n<p><span style=\"color: #ffffff;\"><strong>Vi s\u00e4lje<\/strong><strong>r alla variante<\/strong><strong>r av kl\u00e4der,\u00a0och<br \/><\/strong><strong>trycker\u00a0<\/strong><strong>\u00e4ven p\u00e5 kundernas\u00a0egna\u00a0plagg<br \/>om s\u00e5 \u00f6nskas.<\/strong><\/span><\/p>\n<p><span style=\"color: #ffffff;\"><strong>Vi trycker \/ s\u00e4ljer minimum 4 plagg!\u00a0<\/strong><strong><\/strong><\/span><span style=\"color: #ffffff;\"><strong><\/strong><\/span><span style=\"color: #ffffff;\"><strong><\/strong><\/span><\/p>\n<p><span style=\"color: #ffffff;\"><strong>Och vi har alltid kundens\u00a0b\u00e4sta f\u00f6r \u00f6gonen!<\/strong><\/span><\/p>\n<p><span style=\"color: #ffffff;\"><strong>Innehavare: Tommy Magnusson.<\/strong><\/span><\/p>\n<p>[\/et_pb_text][\/et_pb_column][et_pb_column type=&#8221;1_3&#8243; _builder_version=&#8221;4.16&#8243; _module_preset=&#8221;default&#8221; global_colors_info=&#8221;{}&#8221;][et_pb_text _builder_version=&#8221;4.16&#8243; _module_preset=&#8221;default&#8221; text_text_color=&#8221;#0c71c3&#8243; custom_margin=&#8221;||-2px|||&#8221; text_text_color_tablet=&#8221;&#8221; text_text_color_phone=&#8221;&#8221; text_text_color_last_edited=&#8221;on|desktop&#8221; global_colors_info=&#8221;{}&#8221;]<\/p>\n<h1 style=\"text-align: center;\"><span style=\"color: #0c71c3;\"><strong>Bra, snabba och<br \/><\/strong><\/span><span style=\"color: #0c71c3;\"><strong>billiga textiltryck.<br \/>Vi ger stu<span style=\"font-size: x-large;\">dent<\/span>rabatt.<\/strong><\/span><\/h1>\n<h1 style=\"text-align: center;\"><span style=\"font-family: inherit; font-weight: normal; font-size: x-large;\"><strong><\/strong><\/span><\/h1>\n<h1 style=\"text-align: center;\"><span style=\"color: #0c71c3;\"><span style=\"font-family: inherit; font-weight: normal; font-size: x-large;\"><strong>Vi h\u00f6jer kvaliteten <\/strong><\/span><span style=\"font-family: inherit; font-weight: normal; font-size: x-large;\"><strong>och <br \/>s\u00e4nker priserna!<\/strong><\/span><\/span><\/h1>\n<p><span style=\"color: #0c71c3;\"><strong><\/strong><\/span><\/p>\n<p><span style=\"color: #0c71c3;\"><strong><\/strong><\/span><\/p>\n<p>[\/et_pb_text][et_pb_image src=&#8221;http:\/\/www.abzolutreklam.se\/wp-content\/uploads\/2020\/09\/moln_vadvillduhatryckt2.jpg&#8221; title_text=&#8221;moln_vadvillduhatryckt2&#8243; _builder_version=&#8221;4.16&#8243; _module_preset=&#8221;default&#8221; custom_padding=&#8221;0px|||||&#8221; global_colors_info=&#8221;{}&#8221;][\/et_pb_image][\/et_pb_column][et_pb_column type=&#8221;1_3&#8243; _builder_version=&#8221;4.16&#8243; _module_preset=&#8221;default&#8221; global_colors_info=&#8221;{}&#8221;][et_pb_contact_form email=&#8221;info@abzolutreklam.se&#8221; title=&#8221;Vill du ha snabb hj\u00e4lp, fyll i h\u00e4r:&#8221; custom_message=&#8221;Mail fr\u00e5n Startsidan p\u00e5 Hemsidan:||et_pb_line_break_holder||||et_pb_line_break_holder||Namn: %%name%%||et_pb_line_break_holder||Epost: %%email%%||et_pb_line_break_holder||Telefonnummer: %%telefon%%||et_pb_line_break_holder||Meddelande: %%message%%||et_pb_line_break_holder||||et_pb_line_break_holder||Slut p\u00e5 meddelandet. &#8221; success_message=&#8221;Tack! Vi \u00e5terkommer snart. &#8221; submit_button_text=&#8221;Skicka&#8221; _builder_version=&#8221;4.16&#8243; _module_preset=&#8221;default&#8221; _unique_id=&#8221;ed961362-fec7-406c-9e54-f4fef12fb2b2&#8243; form_field_text_color=&#8221;#000000&#8243; title_text_color=&#8221;#ffffff&#8221; captcha_text_color=&#8221;#ffffff&#8221; custom_padding=&#8221;0px|||||&#8221; global_colors_info=&#8221;{}&#8221;][et_pb_contact_field field_id=&#8221;Name&#8221; field_title=&#8221;Namn&#8221; _builder_version=&#8221;4.16&#8243; global_colors_info=&#8221;{}&#8221; button_text_size__hover_enabled=&#8221;off&#8221; button_one_text_size__hover_enabled=&#8221;off&#8221; button_two_text_size__hover_enabled=&#8221;off&#8221; button_text_color__hover_enabled=&#8221;off&#8221; button_one_text_color__hover_enabled=&#8221;off&#8221; button_two_text_color__hover_enabled=&#8221;off&#8221; button_border_width__hover_enabled=&#8221;off&#8221; button_one_border_width__hover_enabled=&#8221;off&#8221; button_two_border_width__hover_enabled=&#8221;off&#8221; button_border_color__hover_enabled=&#8221;off&#8221; button_one_border_color__hover_enabled=&#8221;off&#8221; button_two_border_color__hover_enabled=&#8221;off&#8221; button_border_radius__hover_enabled=&#8221;off&#8221; button_one_border_radius__hover_enabled=&#8221;off&#8221; button_two_border_radius__hover_enabled=&#8221;off&#8221; button_letter_spacing__hover_enabled=&#8221;off&#8221; button_one_letter_spacing__hover_enabled=&#8221;off&#8221; button_two_letter_spacing__hover_enabled=&#8221;off&#8221; button_bg_color__hover_enabled=&#8221;off&#8221; button_one_bg_color__hover_enabled=&#8221;off&#8221; button_two_bg_color__hover_enabled=&#8221;off&#8221;][\/et_pb_contact_field][et_pb_contact_field field_id=&#8221;Email&#8221; field_title=&#8221;E-postadress&#8221; field_type=&#8221;email&#8221; _builder_version=&#8221;4.16&#8243; global_colors_info=&#8221;{}&#8221; button_text_size__hover_enabled=&#8221;off&#8221; button_one_text_size__hover_enabled=&#8221;off&#8221; button_two_text_size__hover_enabled=&#8221;off&#8221; button_text_color__hover_enabled=&#8221;off&#8221; button_one_text_color__hover_enabled=&#8221;off&#8221; button_two_text_color__hover_enabled=&#8221;off&#8221; button_border_width__hover_enabled=&#8221;off&#8221; button_one_border_width__hover_enabled=&#8221;off&#8221; button_two_border_width__hover_enabled=&#8221;off&#8221; button_border_color__hover_enabled=&#8221;off&#8221; button_one_border_color__hover_enabled=&#8221;off&#8221; button_two_border_color__hover_enabled=&#8221;off&#8221; button_border_radius__hover_enabled=&#8221;off&#8221; button_one_border_radius__hover_enabled=&#8221;off&#8221; button_two_border_radius__hover_enabled=&#8221;off&#8221; button_letter_spacing__hover_enabled=&#8221;off&#8221; button_one_letter_spacing__hover_enabled=&#8221;off&#8221; button_two_letter_spacing__hover_enabled=&#8221;off&#8221; button_bg_color__hover_enabled=&#8221;off&#8221; button_one_bg_color__hover_enabled=&#8221;off&#8221; button_two_bg_color__hover_enabled=&#8221;off&#8221;][\/et_pb_contact_field][et_pb_contact_field field_id=&#8221;Message&#8221; field_title=&#8221;Meddelande&#8221; field_type=&#8221;text&#8221; fullwidth_field=&#8221;on&#8221; _builder_version=&#8221;4.16&#8243; global_colors_info=&#8221;{}&#8221; button_text_size__hover_enabled=&#8221;off&#8221; button_one_text_size__hover_enabled=&#8221;off&#8221; button_two_text_size__hover_enabled=&#8221;off&#8221; button_text_color__hover_enabled=&#8221;off&#8221; button_one_text_color__hover_enabled=&#8221;off&#8221; button_two_text_color__hover_enabled=&#8221;off&#8221; button_border_width__hover_enabled=&#8221;off&#8221; button_one_border_width__hover_enabled=&#8221;off&#8221; button_two_border_width__hover_enabled=&#8221;off&#8221; button_border_color__hover_enabled=&#8221;off&#8221; button_one_border_color__hover_enabled=&#8221;off&#8221; button_two_border_color__hover_enabled=&#8221;off&#8221; button_border_radius__hover_enabled=&#8221;off&#8221; button_one_border_radius__hover_enabled=&#8221;off&#8221; button_two_border_radius__hover_enabled=&#8221;off&#8221; button_letter_spacing__hover_enabled=&#8221;off&#8221; button_one_letter_spacing__hover_enabled=&#8221;off&#8221; button_two_letter_spacing__hover_enabled=&#8221;off&#8221; button_bg_color__hover_enabled=&#8221;off&#8221; button_one_bg_color__hover_enabled=&#8221;off&#8221; button_two_bg_color__hover_enabled=&#8221;off&#8221;][\/et_pb_contact_field][et_pb_contact_field field_id=&#8221;Telefon&#8221; field_title=&#8221;Telefonnummer&#8221; min_length=&#8221;5&#8243; max_length=&#8221;12&#8243; allowed_symbols=&#8221;numbers&#8221; fullwidth_field=&#8221;on&#8221; _builder_version=&#8221;4.16&#8243; _module_preset=&#8221;default&#8221; global_colors_info=&#8221;{}&#8221;][\/et_pb_contact_field][\/et_pb_contact_form][\/et_pb_column][\/et_pb_row][\/et_pb_section]<\/p>\n","protected":false},"excerpt":{"rendered":"<p>V\u00e4lkommen!Vi \u00e4r ett v\u00e4letablerat och\u00a0ansvarsfullt textiltryckeri\u00a0som funnits\u00a0i samma\u00a0regii \u00f6ver fyrtio \u00e5r. Vi s\u00e4ljer alla varianter av kl\u00e4der,\u00a0ochtrycker\u00a0\u00e4ven p\u00e5 kundernas\u00a0egna\u00a0plaggom s\u00e5 \u00f6nskas. Vi trycker \/ s\u00e4ljer minimum 4 plagg!\u00a0 Och vi har alltid kundens\u00a0b\u00e4sta f\u00f6r \u00f6gonen! Innehavare: Tommy Magnusson.Bra, snabba ochbilliga textiltryck.Vi ger studentrabatt. Vi h\u00f6jer kvaliteten och s\u00e4nker priserna!<\/p>\n","protected":false},"author":1,"featured_media":0,"parent":0,"menu_order":0,"comment_status":"closed","ping_status":"closed","template":"","meta":{"_et_pb_use_builder":"on","_et_pb_old_content":"","_et_gb_content_width":"","_monsterinsights_skip_tracking":false,"_monsterinsights_sitenote_active":false,"_monsterinsights_sitenote_note":"","_monsterinsights_sitenote_category":0},"_links":{"self":[{"href":"https:\/\/www.abzolutreklam.se\/index.php?rest_route=\/wp\/v2\/pages\/20"}],"collection":[{"href":"https:\/\/www.abzolutreklam.se\/index.php?rest_route=\/wp\/v2\/pages"}],"about":[{"href":"https:\/\/www.abzolutreklam.se\/index.php?rest_route=\/wp\/v2\/types\/page"}],"author":[{"embeddable":true,"href":"https:\/\/www.abzolutreklam.se\/index.php?rest_route=\/wp\/v2\/users\/1"}],"replies":[{"embeddable":true,"href":"https:\/\/www.abzolutreklam.se\/index.php?rest_route=%2Fwp%2Fv2%2Fcomments&post=20"}],"version-history":[{"count":29,"href":"https:\/\/www.abzolutreklam.se\/index.php?rest_route=\/wp\/v2\/pages\/20\/revisions"}],"predecessor-version":[{"id":246,"href":"https:\/\/www.abzolutreklam.se\/index.php?rest_route=\/wp\/v2\/pages\/20\/revisions\/246"}],"wp:attachment":[{"href":"https:\/\/www.abzolutreklam.se\/index.php?rest_route=%2Fwp%2Fv2%2Fmedia&parent=20"}],"curies":[{"name":"wp","href":"https:\/\/api.w.org\/{rel}","templated":true}]}}